{"id":55,"date":"2022-01-10T11:59:11","date_gmt":"2022-01-10T11:59:11","guid":{"rendered":"https:\/\/bruskelandsheia.no\/?page_id=55"},"modified":"2022-05-19T12:26:42","modified_gmt":"2022-05-19T12:26:42","slug":"utleie","status":"publish","type":"page","link":"https:\/\/bruskelandsheia.no\/?page_id=55","title":{"rendered":"Utleie"},"content":{"rendered":"<p>[et_pb_section fb_built=&raquo;1&#8243; _builder_version=&raquo;4.16&#8243; _module_preset=&raquo;default&raquo; global_colors_info=&raquo;{}&raquo;][et_pb_row _builder_version=&raquo;4.16&#8243; _module_preset=&raquo;default&raquo; global_colors_info=&raquo;{}&raquo;][et_pb_column type=&raquo;4_4&#8243; _builder_version=&raquo;4.16&#8243; _module_preset=&raquo;default&raquo; global_colors_info=&raquo;{}&raquo;][et_pb_post_title meta=&raquo;off&raquo; _builder_version=&raquo;4.16&#8243; _module_preset=&raquo;default&raquo; global_colors_info=&raquo;{}&raquo;][\/et_pb_post_title][et_pb_text _builder_version=&raquo;4.16&#8243; _module_preset=&raquo;default&raquo; global_colors_info=&raquo;{}&raquo;]<\/p>\n<p>Det er mulig \u00e5 leie Bruskelandsstova til diverse aktiviteter som f.eks konfirmasjoner, gebursdager, barned\u00e5p, kurs m.m. Den kan leies for 1, 2 eller 3 dager i strekk. Leien inkluderer dekket\u00f8y og bord\/stoler til ca 70 personer og vi har lerret\/prosjektor, kj\u00f8kken med bl.a steamer og kj\u00f8l\/frys. Medlemmer av bygdelaget betaler halv pris for \u00e5 leie Bruskelandsstova.<\/p>\n<p>For leie, bestill p\u00e5 mail: <a href=\"mailto:post@bruskelandsheia\">post@bruskelandsheia.no<\/a><\/p>\n<p>eller ta kontakt med Torhild Heddeland p\u00e5 tlf 90110284.<\/p>\n<p>May Bente Gralund, tlf 45087414,\u00a0 har utlevering av n\u00f8kkel, sjekkliste og regning.<\/p>\n<p>&nbsp;<\/p>\n<p>[\/et_pb_text][et_pb_image src=&raquo;https:\/\/bruskelandsheia.no\/wp-content\/uploads\/2022\/02\/selsakap-2.jpg&raquo; title_text=&raquo;selsakap 2&#8243; _builder_version=&raquo;4.16&#8243; _module_preset=&raquo;default&raquo; global_colors_info=&raquo;{}&raquo;][\/et_pb_image][\/et_pb_column][\/et_pb_row][et_pb_row _builder_version=&raquo;4.16&#8243; _module_preset=&raquo;default&raquo; global_colors_info=&raquo;{}&raquo;][et_pb_column type=&raquo;4_4&#8243; _builder_version=&raquo;4.16&#8243; _module_preset=&raquo;default&raquo; global_colors_info=&raquo;{}&raquo;][et_pb_button button_url=&raquo;https:\/\/bruskelandsheia.no\/?post_type=tribe_events&raquo; button_text=&raquo;Klikk her for \u00e5 se n\u00e5r Bruskelandsstova er ledig!&raquo; _builder_version=&raquo;4.16&#8243; _module_preset=&raquo;default&raquo; global_colors_info=&raquo;{}&raquo;][\/et_pb_button][\/et_pb_column][\/et_pb_row][et_pb_row _builder_version=&raquo;4.16&#8243; _module_preset=&raquo;default&raquo; global_colors_info=&raquo;{}&raquo;][et_pb_column type=&raquo;4_4&#8243; _builder_version=&raquo;4.16&#8243; _module_preset=&raquo;default&raquo; global_colors_info=&raquo;{}&raquo;][et_pb_text _builder_version=&raquo;4.17.4&#8243; _module_preset=&raquo;default&raquo; link_option_url_new_window=&raquo;on&raquo; global_colors_info=&raquo;{}&raquo;]<\/p>\n<p>For leie av Bruskelandsstova har vi en egen leieavtale, som ogs\u00e5 inneholder en sjekkliste for hva som skal gj\u00f8res f\u00f8r n\u00f8kler leveres tilbake til oss.<\/p>\n<p><a href=\"https:\/\/bruskelandsheia.no\/wp-content\/uploads\/2022\/05\/Regler-for-leie.pdf\">Se avtalen her<\/a><\/p>\n<p>&nbsp;<\/p>\n<p>&nbsp;<\/p>\n<p>&nbsp;<\/p>\n<p>&nbsp;<\/p>\n<p>[\/et_pb_text][\/et_pb_column][\/et_pb_row][et_pb_row column_structure=&raquo;1_2,1_2&#8243; _builder_version=&raquo;4.16&#8243; _module_preset=&raquo;default&raquo; global_colors_info=&raquo;{}&raquo;][et_pb_column type=&raquo;1_2&#8243; _builder_version=&raquo;4.16&#8243; _module_preset=&raquo;default&raquo; global_colors_info=&raquo;{}&raquo;][et_pb_text _builder_version=&raquo;4.16&#8243; _module_preset=&raquo;default&raquo; global_colors_info=&raquo;{}&raquo;]<\/p>\n<h2 style=\"text-align: center;\"><\/h2>\n<h2 style=\"text-align: center;\"><\/h2>\n<h2 style=\"text-align: center;\"><\/h2>\n<h2 style=\"text-align: center;\"><\/h2>\n<h2 style=\"text-align: center;\"><\/h2>\n<h2 style=\"text-align: center;\"><\/h2>\n<h2 style=\"text-align: center;\"><\/h2>\n<h2 style=\"text-align: center;\"><\/h2>\n<h2 style=\"text-align: center;\"><\/h2>\n<h2 style=\"text-align: center;\">Bildegalleri fra Bruskelandsstova.<\/h2>\n<p style=\"text-align: center;\">NB! Det er hjertestarter p\u00e5 huset, den henger i gangen.<\/p>\n<p>[\/et_pb_text][\/et_pb_column][et_pb_column type=&raquo;1_2&#8243; _builder_version=&raquo;4.16&#8243; _module_preset=&raquo;default&raquo; global_colors_info=&raquo;{}&raquo;][et_pb_gallery gallery_ids=&raquo;299,298,478&#8243; fullwidth=&raquo;on&raquo; _builder_version=&raquo;4.16&#8243; _module_preset=&raquo;default&raquo; global_colors_info=&raquo;{}&raquo;][\/et_pb_gallery][\/et_pb_column][\/et_pb_row][\/et_pb_section]<\/p>\n","protected":false},"excerpt":{"rendered":"<p>Det er mulig \u00e5 leie Bruskelandsstova til diverse aktiviteter som f.eks konfirmasjoner, gebursdager, barned\u00e5p, kurs m.m. Den kan leies for 1, 2 eller 3 dager i strekk. Leien inkluderer dekket\u00f8y [&hellip;]<\/p>\n","protected":false},"author":1,"featured_media":0,"parent":0,"menu_order":0,"comment_status":"closed","ping_status":"closed","template":"","meta":{"_et_pb_use_builder":"on","_et_pb_old_content":"","_et_gb_content_width":"","footnotes":""},"class_list":["post-55","page","type-page","status-publish","hentry"],"_links":{"self":[{"href":"https:\/\/bruskelandsheia.no\/index.php?rest_route=\/wp\/v2\/pages\/55","targetHints":{"allow":["GET"]}}],"collection":[{"href":"https:\/\/bruskelandsheia.no\/index.php?rest_route=\/wp\/v2\/pages"}],"about":[{"href":"https:\/\/bruskelandsheia.no\/index.php?rest_route=\/wp\/v2\/types\/page"}],"author":[{"embeddable":true,"href":"https:\/\/bruskelandsheia.no\/index.php?rest_route=\/wp\/v2\/users\/1"}],"replies":[{"embeddable":true,"href":"https:\/\/bruskelandsheia.no\/index.php?rest_route=%2Fwp%2Fv2%2Fcomments&post=55"}],"version-history":[{"count":28,"href":"https:\/\/bruskelandsheia.no\/index.php?rest_route=\/wp\/v2\/pages\/55\/revisions"}],"predecessor-version":[{"id":564,"href":"https:\/\/bruskelandsheia.no\/index.php?rest_route=\/wp\/v2\/pages\/55\/revisions\/564"}],"wp:attachment":[{"href":"https:\/\/bruskelandsheia.no\/index.php?rest_route=%2Fwp%2Fv2%2Fmedia&parent=55"}],"curies":[{"name":"wp","href":"https:\/\/api.w.org\/{rel}","templated":true}]}}