{"id":53,"date":"2022-01-10T11:58:58","date_gmt":"2022-01-10T11:58:58","guid":{"rendered":"https:\/\/bruskelandsheia.no\/?page_id=53"},"modified":"2026-04-12T13:55:57","modified_gmt":"2026-04-12T13:55:57","slug":"friluftsliv","status":"publish","type":"page","link":"https:\/\/bruskelandsheia.no\/?page_id=53","title":{"rendered":"Friluftsliv"},"content":{"rendered":"<p>[et_pb_section fb_built=&raquo;1&#8243; _builder_version=&raquo;4.16&#8243; _module_preset=&raquo;default&raquo; global_colors_info=&raquo;{}&raquo;][et_pb_row column_structure=&raquo;2_5,3_5&#8243; _builder_version=&raquo;4.16&#8243; _module_preset=&raquo;default&raquo; global_colors_info=&raquo;{}&raquo;][et_pb_column type=&raquo;2_5&#8243; _builder_version=&raquo;4.16&#8243; _module_preset=&raquo;default&raquo; global_colors_info=&raquo;{}&raquo;][et_pb_text _builder_version=&raquo;4.21.0&#8243; _module_preset=&raquo;default&raquo; hover_enabled=&raquo;0&#8243; global_colors_info=&raquo;{}&raquo; sticky_enabled=&raquo;0&#8243;]<\/p>\n<p>Ragnar Granlund er leder av friluftsgruppa.<\/p>\n<p>Friluftsgruppa legger til rette for aktivitet i bygdelaget ved \u00e5 merke sti\/turl\u00f8ype, sette ut benker og sette opp postkasser rundt p\u00e5 forkjellige steder i l\u00f8ypa. Gruppa legger ut beskjed p\u00e5 facebook n\u00e5r det er behov for dugnad og hjelp.\u00a0<\/p>\n<p><img loading=\"lazy\" decoding=\"async\" src=\"https:\/\/bruskelandsheia.no\/wp-content\/uploads\/2026\/04\/IMG_0742-225x300.jpg\" width=\"225\" height=\"300\" alt=\"\" class=\"wp-image-1650 alignnone size-medium\" \/><\/p>\n<p>[\/et_pb_text][\/et_pb_column][et_pb_column type=&raquo;3_5&#8243; _builder_version=&raquo;4.16&#8243; _module_preset=&raquo;default&raquo; global_colors_info=&raquo;{}&raquo;][et_pb_gallery gallery_ids=&raquo;77,296,293,404,403,402,400,292,407,408,1571,1582,1580,1562,1564,1546,1370,1352,1366,1345,1212,1185,1182,1169,1064,1594,1583,1558,1417,1350&#8243; gallery_orderby=&raquo;rand&raquo; fullwidth=&raquo;on&raquo; _builder_version=&raquo;4.21.0&#8243; _module_preset=&raquo;default&raquo; min_height=&raquo;300px&raquo; max_height=&raquo;300px&raquo; custom_css_gallery_item=&raquo;object-fit: contain;&raquo; global_colors_info=&raquo;{}&raquo;][\/et_pb_gallery][\/et_pb_column][\/et_pb_row][et_pb_row column_structure=&raquo;1_2,1_2&#8243; _builder_version=&raquo;4.16&#8243; _module_preset=&raquo;default&raquo; global_colors_info=&raquo;{}&raquo;][et_pb_column type=&raquo;1_2&#8243; _builder_version=&raquo;4.16&#8243; _module_preset=&raquo;default&raquo; global_colors_info=&raquo;{}&raquo;][et_pb_image src=&raquo;https:\/\/bruskelandsheia.no\/wp-content\/uploads\/2022\/02\/friluftsgruppa.png&raquo; title_text=&raquo;friluftsgruppa&raquo; _builder_version=&raquo;4.16&#8243; _module_preset=&raquo;default&raquo; global_colors_info=&raquo;{}&raquo;][\/et_pb_image][\/et_pb_column][et_pb_column type=&raquo;1_2&#8243; _builder_version=&raquo;4.16&#8243; _module_preset=&raquo;default&raquo; global_colors_info=&raquo;{}&raquo;][et_pb_text _builder_version=&raquo;4.16&#8243; _module_preset=&raquo;default&raquo; custom_margin=&raquo;||150px|||&raquo; global_colors_info=&raquo;{}&raquo;]<\/p>\n<p>&nbsp;<\/p>\n<p>&nbsp;<\/p>\n<p>&nbsp;<\/p>\n<p>&nbsp;<\/p>\n<p>&nbsp;<\/p>\n<p>&nbsp;<\/p>\n<p>Friluftsgruppa har et eget VIPPS-nummer for \u00f8remerkede midler til friluftsrelaterte tiltak. VIPPS-nummeret er 735316, du kan ogs\u00e5 scanne QR-koden til venstre for \u00e5 \u00e5pne VIPPS-appen direkte.<\/p>\n<p>[\/et_pb_text][\/et_pb_column][\/et_pb_row][\/et_pb_section]<\/p>\n","protected":false},"excerpt":{"rendered":"<p>Ragnar Granlund er leder av friluftsgruppa. Friluftsgruppa legger til rette for aktivitet i bygdelaget ved \u00e5 merke sti\/turl\u00f8ype, sette ut benker og sette opp postkasser rundt p\u00e5 forkjellige steder i [&hellip;]<\/p>\n","protected":false},"author":1,"featured_media":0,"parent":0,"menu_order":0,"comment_status":"closed","ping_status":"closed","template":"","meta":{"_et_pb_use_builder":"on","_et_pb_old_content":"","_et_gb_content_width":"","footnotes":""},"class_list":["post-53","page","type-page","status-publish","hentry"],"_links":{"self":[{"href":"https:\/\/bruskelandsheia.no\/index.php?rest_route=\/wp\/v2\/pages\/53","targetHints":{"allow":["GET"]}}],"collection":[{"href":"https:\/\/bruskelandsheia.no\/index.php?rest_route=\/wp\/v2\/pages"}],"about":[{"href":"https:\/\/bruskelandsheia.no\/index.php?rest_route=\/wp\/v2\/types\/page"}],"author":[{"embeddable":true,"href":"https:\/\/bruskelandsheia.no\/index.php?rest_route=\/wp\/v2\/users\/1"}],"replies":[{"embeddable":true,"href":"https:\/\/bruskelandsheia.no\/index.php?rest_route=%2Fwp%2Fv2%2Fcomments&post=53"}],"version-history":[{"count":25,"href":"https:\/\/bruskelandsheia.no\/index.php?rest_route=\/wp\/v2\/pages\/53\/revisions"}],"predecessor-version":[{"id":1657,"href":"https:\/\/bruskelandsheia.no\/index.php?rest_route=\/wp\/v2\/pages\/53\/revisions\/1657"}],"wp:attachment":[{"href":"https:\/\/bruskelandsheia.no\/index.php?rest_route=%2Fwp%2Fv2%2Fmedia&parent=53"}],"curies":[{"name":"wp","href":"https:\/\/api.w.org\/{rel}","templated":true}]}}