{"id":2,"date":"2022-01-10T10:03:50","date_gmt":"2022-01-10T10:03:50","guid":{"rendered":"http:\/\/bruskelandsheia.no\/?page_id=2"},"modified":"2024-09-23T15:25:59","modified_gmt":"2024-09-23T15:25:59","slug":"sample-page","status":"publish","type":"page","link":"https:\/\/bruskelandsheia.no\/","title":{"rendered":"Sample Page"},"content":{"rendered":"<p>[et_pb_section fb_built=&raquo;1&#8243; admin_label=&raquo;Hero section&raquo; _builder_version=&raquo;4.16&#8243; use_background_color_gradient=&raquo;on&raquo; background_color_gradient_stops=&raquo;rgba(150,105,97,0.67) 0%|rgba(2,0,76,0.84) 100%&raquo; background_color_gradient_start=&raquo;rgba(150,105,97,0.67)&raquo; background_color_gradient_end=&raquo;rgba(2,0,76,0.84)&raquo; background_image=&raquo;https:\/\/bruskelandsheia.no\/wp-content\/uploads\/2022\/02\/Bruskeland.jpg&raquo; parallax=&raquo;on&raquo; parallax_method=&raquo;off&raquo; custom_margin=&raquo;|||&raquo; custom_padding=&raquo;10%||14%|&raquo; global_colors_info=&raquo;{}&raquo;][et_pb_row _builder_version=&raquo;4.16&#8243; width=&raquo;99%&raquo; custom_margin=&raquo;|||&raquo; global_colors_info=&raquo;{}&raquo;][et_pb_column type=&raquo;4_4&#8243; _builder_version=&raquo;4.16&#8243; custom_padding=&raquo;1px|||&raquo; global_colors_info=&raquo;{}&raquo; custom_padding__hover=&raquo;|||&raquo;][et_pb_cta title=&raquo;Bruskelandsheia Bygdelag&raquo; button_url=&raquo;@ET-DC@eyJkeW5hbWljIjp0cnVlLCJjb250ZW50IjoicG9zdF9saW5rX3VybF9wYWdlIiwic2V0dGluZ3MiOnsicG9zdF9pZCI6IjExMCJ9fQ==@&raquo; button_text=&raquo;Kontakt oss&raquo; _builder_version=&raquo;4.16&#8243; _dynamic_attributes=&raquo;button_url&raquo; header_level=&raquo;h1&#8243; header_font=&raquo;Lato|900||on|||||&raquo; header_font_size=&raquo;80px&raquo; header_letter_spacing=&raquo;2px&raquo; header_line_height=&raquo;1.2em&raquo; body_font=&raquo;Lato||||||||&raquo; body_font_size=&raquo;20px&raquo; body_line_height=&raquo;1.8em&raquo; use_background_color=&raquo;off&raquo; custom_button=&raquo;on&raquo; button_text_size=&raquo;16px&raquo; button_text_color=&raquo;#ffffff&raquo; button_bg_color=&raquo;#fa7f28&#8243; button_border_width=&raquo;6px&raquo; button_border_color=&raquo;#fa7f28&#8243; button_border_radius=&raquo;5px&raquo; button_letter_spacing=&raquo;2px&raquo; button_font=&raquo;Lato|900||on|||||&raquo; text_orientation=&raquo;left&raquo; max_width=&raquo;916px&raquo; module_alignment=&raquo;left&raquo; custom_margin=&raquo;|-220px||-220px||true&raquo; custom_padding=&raquo;|0px||||&raquo; animation_style=&raquo;fold&raquo; animation_intensity_fold=&raquo;16%&raquo; header_font_size_tablet=&raquo;46px&raquo; header_font_size_phone=&raquo;&raquo; header_font_size_last_edited=&raquo;on|tablet&raquo; header_text_shadow_style=&raquo;preset1&#8243; header_text_shadow_blur_strength=&raquo;0.6em&raquo; header_text_shadow_color=&raquo;rgba(0,0,0,0.6)&raquo; box_shadow_style_button=&raquo;preset3&#8243; box_shadow_blur_button=&raquo;30px&raquo; box_shadow_spread_button=&raquo;8px&raquo; box_shadow_color_button=&raquo;rgba(250,127,40,0.15)&raquo; button_letter_spacing_hover=&raquo;2px&raquo; global_colors_info=&raquo;{}&raquo; button_text_size__hover_enabled=&raquo;off&raquo; button_one_text_size__hover_enabled=&raquo;off&raquo; button_two_text_size__hover_enabled=&raquo;off&raquo; button_text_color__hover_enabled=&raquo;off&raquo; button_one_text_color__hover_enabled=&raquo;off&raquo; button_two_text_color__hover_enabled=&raquo;off&raquo; button_border_width__hover_enabled=&raquo;off&raquo; button_one_border_width__hover_enabled=&raquo;off&raquo; button_two_border_width__hover_enabled=&raquo;off&raquo; button_border_color__hover_enabled=&raquo;off&raquo; button_one_border_color__hover_enabled=&raquo;off&raquo; button_two_border_color__hover_enabled=&raquo;off&raquo; button_border_radius__hover_enabled=&raquo;off&raquo; button_one_border_radius__hover_enabled=&raquo;off&raquo; button_two_border_radius__hover_enabled=&raquo;off&raquo; button_letter_spacing__hover_enabled=&raquo;on&raquo; button_letter_spacing__hover=&raquo;2px&raquo; button_one_letter_spacing__hover_enabled=&raquo;off&raquo; button_two_letter_spacing__hover_enabled=&raquo;off&raquo; button_bg_color__hover_enabled=&raquo;off&raquo; button_one_bg_color__hover_enabled=&raquo;off&raquo; button_two_bg_color__hover_enabled=&raquo;off&raquo;][\/et_pb_cta][\/et_pb_column][\/et_pb_row][\/et_pb_section][et_pb_section fb_built=&raquo;1&#8243; _builder_version=&raquo;4.16&#8243; custom_padding=&raquo;54px|0px|100px|0px&raquo; bottom_divider_style=&raquo;ramp2&#8243; bottom_divider_color=&raquo;#0C71C3&#8243; global_colors_info=&raquo;{}&raquo;][et_pb_row column_structure=&raquo;1_3,1_3,1_3&#8243; use_custom_gutter=&raquo;on&raquo; gutter_width=&raquo;1&#8243; _builder_version=&raquo;4.16&#8243; background_color=&raquo;#ffffff&raquo; background_size=&raquo;initial&raquo; background_position=&raquo;top_left&raquo; background_repeat=&raquo;repeat&raquo; max_width=&raquo;1440px&raquo; custom_margin=&raquo;-10%|||&raquo; custom_padding=&raquo;60px|0px|60px|0px&raquo; animation_style=&raquo;slide&raquo; animation_direction=&raquo;bottom&raquo; animation_intensity_slide=&raquo;6%&raquo; animation_starting_opacity=&raquo;100%&raquo; border_radii=&raquo;on|15px|15px|15px|15px&raquo; border_color_all=&raquo;#3c39e6&#8243; border_width_top=&raquo;18px&raquo; box_shadow_style=&raquo;preset3&#8243; box_shadow_vertical=&raquo;39px&raquo; box_shadow_blur=&raquo;80px&raquo; box_shadow_color=&raquo;rgba(0,0,0,0.1)&raquo; use_custom_width=&raquo;on&raquo; custom_width_px=&raquo;1440px&raquo; global_colors_info=&raquo;{}&raquo;][et_pb_column type=&raquo;1_3&#8243; _builder_version=&raquo;4.16&#8243; custom_padding=&raquo;|40px||40px&raquo; global_colors_info=&raquo;{}&raquo; custom_padding__hover=&raquo;|||&raquo;][et_pb_blurb title=&raquo;Friluftsliv&raquo; use_icon=&raquo;on&raquo; font_icon=&raquo;&#xf7ca;||fa||900&#8243; icon_color=&raquo;#ffffff&raquo; image_icon_background_color=&raquo;#bdc1c9&#8243; image_icon_width=&raquo;40px&raquo; _builder_version=&raquo;4.21.0&#8243; header_font=&raquo;Lato|900||on|||||&raquo; header_font_size=&raquo;15px&raquo; header_letter_spacing=&raquo;1px&raquo; header_line_height=&raquo;1.4em&raquo; body_font=&raquo;Lato||||||||&raquo; body_text_color=&raquo;#898f99&#8243; body_font_size=&raquo;16px&raquo; body_line_height=&raquo;1.6em&raquo; image_icon_custom_padding=&raquo;25px|25px|25px|25px|false|false&raquo; text_orientation=&raquo;center&raquo; custom_margin=&raquo;|||&raquo; custom_padding=&raquo;|||&raquo; animation=&raquo;off&raquo; hover_enabled=&raquo;0&#8243; border_radii_image=&raquo;on|100%|100%|100%|100%&raquo; icon_font_size=&raquo;40px&raquo; use_circle=&raquo;on&raquo; circle_color=&raquo;#bdc1c9&#8243; global_colors_info=&raquo;{}&raquo; image_icon_background_color__sticky_enabled=&raquo;#7EBEC5&#8243; image_icon_background_color__sticky=&raquo;#7EBEC5&#8243; sticky_enabled=&raquo;0&#8243;]<\/p>\n<p>Bruskelandsheias Bygdelag er opptatt av \u00e5 bruke naturen til aktivitet. Turg\u00e5ing, bading og ski\/aking er fullt mulig p\u00e5 flere plasser i bygdelagets omr\u00e5de.<\/p>\n<p>Turl\u00f8yper er lagt og man kan g\u00e5 fra \u00c5kset, Skuland Nedre Haralstad, Bruskeland, Tj\u00f8nn\u00e5sen, Skuland. Du kan g\u00e5 p\u00e5 og av hvor du vil. Kart henger i utedoen p\u00e5 \u00c5kset skolehus og Bruskeland. L\u00f8ypa er godt merket med skilt og fargemerker langs stien.<\/p>\n<p>[\/et_pb_blurb][et_pb_button button_url=&raquo;@ET-DC@eyJkeW5hbWljIjp0cnVlLCJjb250ZW50IjoicG9zdF9saW5rX3VybF9wYWdlIiwic2V0dGluZ3MiOnsicG9zdF9pZCI6IjUzIn19@&raquo; button_text=&raquo;Les mer&raquo; button_alignment=&raquo;center&raquo; _builder_version=&raquo;4.16&#8243; _dynamic_attributes=&raquo;button_url&raquo; custom_button=&raquo;on&raquo; button_text_size=&raquo;13px&raquo; button_text_color=&raquo;#3c39e6&#8243; button_bg_color=&raquo;rgba(60,57,230,0.03)&raquo; button_border_width=&raquo;0px&raquo; button_border_radius=&raquo;6px&raquo; button_letter_spacing=&raquo;1px&raquo; button_font=&raquo;Lato|700||on|||||&raquo; button_use_icon=&raquo;off&raquo; custom_margin=&raquo;61px|||||&raquo; custom_padding=&raquo;10px|30px|10px|30px&raquo; button_letter_spacing_hover=&raquo;1px&raquo; button_bg_color_hover=&raquo;rgba(60,57,230,0.2)&raquo; locked=&raquo;off&raquo; global_colors_info=&raquo;{}&raquo; button_text_size__hover_enabled=&raquo;off&raquo; button_one_text_size__hover_enabled=&raquo;off&raquo; button_two_text_size__hover_enabled=&raquo;off&raquo; button_text_color__hover_enabled=&raquo;off&raquo; button_one_text_color__hover_enabled=&raquo;off&raquo; button_two_text_color__hover_enabled=&raquo;off&raquo; button_border_width__hover_enabled=&raquo;off&raquo; button_one_border_width__hover_enabled=&raquo;off&raquo; button_two_border_width__hover_enabled=&raquo;off&raquo; button_border_color__hover_enabled=&raquo;off&raquo; button_one_border_color__hover_enabled=&raquo;off&raquo; button_two_border_color__hover_enabled=&raquo;off&raquo; button_border_radius__hover_enabled=&raquo;off&raquo; button_one_border_radius__hover_enabled=&raquo;off&raquo; button_two_border_radius__hover_enabled=&raquo;off&raquo; button_letter_spacing__hover_enabled=&raquo;on&raquo; button_letter_spacing__hover=&raquo;1px&raquo; button_one_letter_spacing__hover_enabled=&raquo;off&raquo; button_two_letter_spacing__hover_enabled=&raquo;off&raquo; button_bg_color__hover_enabled=&raquo;on&raquo; button_bg_color__hover=&raquo;rgba(60,57,230,0.2)&raquo; button_one_bg_color__hover_enabled=&raquo;off&raquo; button_two_bg_color__hover_enabled=&raquo;off&raquo;][\/et_pb_button][\/et_pb_column][et_pb_column type=&raquo;1_3&#8243; _builder_version=&raquo;4.16&#8243; custom_padding=&raquo;|40px||40px&raquo; global_colors_info=&raquo;{}&raquo; custom_padding__hover=&raquo;|||&raquo;][et_pb_blurb title=&raquo;Utleie&raquo; use_icon=&raquo;on&raquo; font_icon=&raquo;&#xf54f;||fa||900&#8243; icon_color=&raquo;#ffffff&raquo; image_icon_background_color=&raquo;#bdc1c9&#8243; image_icon_width=&raquo;40px&raquo; _builder_version=&raquo;4.21.0&#8243; header_font=&raquo;Lato|900||on|||||&raquo; header_font_size=&raquo;15px&raquo; header_letter_spacing=&raquo;1px&raquo; header_line_height=&raquo;1.4em&raquo; body_font=&raquo;Lato||||||||&raquo; body_text_color=&raquo;#898f99&#8243; body_font_size=&raquo;16px&raquo; body_line_height=&raquo;1.6em&raquo; image_icon_custom_padding=&raquo;25px|25px|25px|25px|false|false&raquo; text_orientation=&raquo;center&raquo; custom_margin=&raquo;|||&raquo; custom_padding=&raquo;||0px|||&raquo; animation=&raquo;off&raquo; hover_enabled=&raquo;0&#8243; border_radii_image=&raquo;on|100%|100%|100%|100%&raquo; icon_font_size=&raquo;40px&raquo; use_circle=&raquo;on&raquo; circle_color=&raquo;#bdc1c9&#8243; global_colors_info=&raquo;{}&raquo; image_icon_background_color__sticky_enabled=&raquo;#7EBEC5&#8243; image_icon_background_color__sticky=&raquo;#7EBEC5&#8243; sticky_enabled=&raquo;0&#8243;]<\/p>\n<p>Bruskelandsstova er tilgjengelig for utleie p\u00e5 dags eller helgebasis. Bygget tar ca 70 personer, og dekket\u00f8y \/ kj\u00f8kkenfasiliteter er inkludert.<\/p>\n<p>&nbsp;<\/p>\n<p>[\/et_pb_blurb][et_pb_button button_url=&raquo;@ET-DC@eyJkeW5hbWljIjp0cnVlLCJjb250ZW50IjoicG9zdF9saW5rX3VybF9wYWdlIiwic2V0dGluZ3MiOnsicG9zdF9pZCI6IjU1In19@&raquo; button_text=&raquo;Les mer&raquo; button_alignment=&raquo;center&raquo; _builder_version=&raquo;4.16&#8243; _dynamic_attributes=&raquo;button_url&raquo; custom_button=&raquo;on&raquo; button_text_size=&raquo;13px&raquo; button_text_color=&raquo;#3c39e6&#8243; button_bg_color=&raquo;rgba(60,57,230,0.03)&raquo; button_border_width=&raquo;0px&raquo; button_border_radius=&raquo;6px&raquo; button_letter_spacing=&raquo;1px&raquo; button_font=&raquo;Lato|700||on|||||&raquo; button_use_icon=&raquo;off&raquo; custom_margin=&raquo;40px|||&raquo; custom_padding=&raquo;10px|30px|10px|30px&raquo; button_letter_spacing_hover=&raquo;1px&raquo; button_bg_color_hover=&raquo;rgba(60,57,230,0.2)&raquo; locked=&raquo;off&raquo; global_colors_info=&raquo;{}&raquo; button_text_size__hover_enabled=&raquo;off&raquo; button_one_text_size__hover_enabled=&raquo;off&raquo; button_two_text_size__hover_enabled=&raquo;off&raquo; button_text_color__hover_enabled=&raquo;off&raquo; button_one_text_color__hover_enabled=&raquo;off&raquo; button_two_text_color__hover_enabled=&raquo;off&raquo; button_border_width__hover_enabled=&raquo;off&raquo; button_one_border_width__hover_enabled=&raquo;off&raquo; button_two_border_width__hover_enabled=&raquo;off&raquo; button_border_color__hover_enabled=&raquo;off&raquo; button_one_border_color__hover_enabled=&raquo;off&raquo; button_two_border_color__hover_enabled=&raquo;off&raquo; button_border_radius__hover_enabled=&raquo;off&raquo; button_one_border_radius__hover_enabled=&raquo;off&raquo; button_two_border_radius__hover_enabled=&raquo;off&raquo; button_letter_spacing__hover_enabled=&raquo;on&raquo; button_letter_spacing__hover=&raquo;1px&raquo; button_one_letter_spacing__hover_enabled=&raquo;off&raquo; button_two_letter_spacing__hover_enabled=&raquo;off&raquo; button_bg_color__hover_enabled=&raquo;on&raquo; button_bg_color__hover=&raquo;rgba(60,57,230,0.2)&raquo; button_one_bg_color__hover_enabled=&raquo;off&raquo; button_two_bg_color__hover_enabled=&raquo;off&raquo;][\/et_pb_button][\/et_pb_column][et_pb_column type=&raquo;1_3&#8243; _builder_version=&raquo;4.16&#8243; custom_padding=&raquo;|40px||40px&raquo; global_colors_info=&raquo;{}&raquo; custom_padding__hover=&raquo;|||&raquo;][et_pb_blurb title=&raquo;Nyheter&raquo; use_icon=&raquo;on&raquo; font_icon=&raquo;&#xf09e;||fa||900&#8243; icon_color=&raquo;#ffffff&raquo; image_icon_background_color=&raquo;#bdc1c9&#8243; image_icon_width=&raquo;40px&raquo; _builder_version=&raquo;4.16&#8243; header_font=&raquo;Lato|900||on|||||&raquo; header_font_size=&raquo;15px&raquo; header_letter_spacing=&raquo;1px&raquo; header_line_height=&raquo;1.4em&raquo; body_font=&raquo;Lato||||||||&raquo; body_text_color=&raquo;#898f99&#8243; body_font_size=&raquo;16px&raquo; body_line_height=&raquo;1.6em&raquo; image_icon_custom_padding=&raquo;25px|25px|25px|25px|false|false&raquo; text_orientation=&raquo;center&raquo; custom_margin=&raquo;|||&raquo; custom_padding=&raquo;||12px|||&raquo; animation=&raquo;off&raquo; border_radii_image=&raquo;on|100%|100%|100%|100%&raquo; icon_font_size=&raquo;40px&raquo; use_circle=&raquo;on&raquo; circle_color=&raquo;#bdc1c9&#8243; global_colors_info=&raquo;{}&raquo; image_icon_background_color__sticky_enabled=&raquo;#7EBEC5&#8243; image_icon_background_color__sticky=&raquo;#7EBEC5&#8243;]<\/p>\n<p>Les\u00a0 mer om hva som skjer, og hva som har skjedd i Bruskelandsheia Bygdelag, under v\u00e5r nyhetsseksjon.<\/p>\n<p>[\/et_pb_blurb][et_pb_button button_url=&raquo;@ET-DC@eyJkeW5hbWljIjp0cnVlLCJjb250ZW50IjoicG9zdF9saW5rX3VybF9wYWdlIiwic2V0dGluZ3MiOnsicG9zdF9pZCI6IjEwMCJ9fQ==@&raquo; button_text=&raquo;Nyheter&raquo; button_alignment=&raquo;center&raquo; _builder_version=&raquo;4.16&#8243; _dynamic_attributes=&raquo;button_url&raquo; custom_button=&raquo;on&raquo; button_text_size=&raquo;13px&raquo; button_text_color=&raquo;#3c39e6&#8243; button_bg_color=&raquo;rgba(60,57,230,0.03)&raquo; button_border_width=&raquo;0px&raquo; button_border_radius=&raquo;6px&raquo; button_letter_spacing=&raquo;1px&raquo; button_font=&raquo;Lato|700||on|||||&raquo; button_use_icon=&raquo;off&raquo; custom_margin=&raquo;47px|||||&raquo; custom_padding=&raquo;10px|30px|10px|30px&raquo; button_letter_spacing_hover=&raquo;1px&raquo; button_bg_color_hover=&raquo;rgba(60,57,230,0.2)&raquo; locked=&raquo;off&raquo; global_colors_info=&raquo;{}&raquo; button_text_size__hover_enabled=&raquo;off&raquo; button_one_text_size__hover_enabled=&raquo;off&raquo; button_two_text_size__hover_enabled=&raquo;off&raquo; button_text_color__hover_enabled=&raquo;off&raquo; button_one_text_color__hover_enabled=&raquo;off&raquo; button_two_text_color__hover_enabled=&raquo;off&raquo; button_border_width__hover_enabled=&raquo;off&raquo; button_one_border_width__hover_enabled=&raquo;off&raquo; button_two_border_width__hover_enabled=&raquo;off&raquo; button_border_color__hover_enabled=&raquo;off&raquo; button_one_border_color__hover_enabled=&raquo;off&raquo; button_two_border_color__hover_enabled=&raquo;off&raquo; button_border_radius__hover_enabled=&raquo;off&raquo; button_one_border_radius__hover_enabled=&raquo;off&raquo; button_two_border_radius__hover_enabled=&raquo;off&raquo; button_letter_spacing__hover_enabled=&raquo;on&raquo; button_letter_spacing__hover=&raquo;1px&raquo; button_one_letter_spacing__hover_enabled=&raquo;off&raquo; button_two_letter_spacing__hover_enabled=&raquo;off&raquo; button_bg_color__hover_enabled=&raquo;on&raquo; button_bg_color__hover=&raquo;rgba(60,57,230,0.2)&raquo; button_one_bg_color__hover_enabled=&raquo;off&raquo; button_two_bg_color__hover_enabled=&raquo;off&raquo;][\/et_pb_button][\/et_pb_column][\/et_pb_row][\/et_pb_section][et_pb_section fb_built=&raquo;1&#8243; inner_shadow=&raquo;on&raquo; specialty=&raquo;on&raquo; _builder_version=&raquo;4.16&#8243; _module_preset=&raquo;default&raquo; top_divider_style=&raquo;ramp2&#8243; top_divider_color=&raquo;#0C71C3&#8243; top_divider_height=&raquo;137px&raquo; top_divider_repeat=&raquo;1x&raquo; global_colors_info=&raquo;{}&raquo;][et_pb_column type=&raquo;1_2&#8243; specialty_columns=&raquo;2&#8243; _builder_version=&raquo;4.16&#8243; custom_padding=&raquo;|||&raquo; global_colors_info=&raquo;{}&raquo; custom_padding__hover=&raquo;|||&raquo;][et_pb_row_inner _builder_version=&raquo;4.16&#8243; _module_preset=&raquo;default&raquo; transform_scale=&raquo;75%|75%&raquo; global_colors_info=&raquo;{}&raquo;][et_pb_column_inner saved_specialty_column_type=&raquo;1_2&#8243; _builder_version=&raquo;4.16&#8243; _module_preset=&raquo;default&raquo; global_colors_info=&raquo;{}&raquo;][et_pb_cta title=&raquo;St\u00f8tt oss p\u00e5 VIPPS!&raquo; _builder_version=&raquo;4.16&#8243; _module_preset=&raquo;default&raquo; background_color=&raquo;#f96300&#8243; transform_scale=&raquo;126%|126%&raquo; transform_translate=&raquo;-22px|43px&raquo; animation_style=&raquo;bounce&raquo; animation_direction=&raquo;bottom&raquo; animation_speed_curve=&raquo;linear&raquo; box_shadow_style=&raquo;preset6&#8243; global_colors_info=&raquo;{}&raquo;]<\/p>\n<p>Du finner oss p\u00e5 Vipps ved \u00e5 s\u00f8ke opp &laquo;Bruskelandsheias Bygdelag&raquo; eller Vipps-nummer 509955. Du kan ogs\u00e5 scanne QR-koden til h\u00f8yre med din mobiltelefon, s\u00e5 vil Vipps-appen \u00e5pnes automatisk med oppslag p\u00e5 oss.<\/p>\n<p>Vipps &#8211; kontoen v\u00e5r kan du bruke for \u00e5 betale lodd ifbm baserer, for \u00e5 st\u00f8tte v\u00e5rt arbeid med \u00e5 vedlikeholde og utbedre blandt annet sommer- og vinterl\u00f8yper, badeplasser og Bruskelandsstova, eller bare for \u00e5 bidra til \u00e5 opprettholde liv i bygdelaget og dugnadsarbeidet vi holder p\u00e5 med.<\/p>\n<p>Om du \u00f8nsker \u00e5 bidra med penger som \u00f8remerket skal g\u00e5 til l\u00f8yper og friluftstiltak, har friluftsgruppen en egen VIPPS-konto som du finner under &laquo;Friluftsliv&raquo; i menyen. VIPPS-nummeret til friluftsgruppen er <span>735316.\u00a0<\/span><\/p>\n<p>&nbsp;<\/p>\n<p>[\/et_pb_cta][\/et_pb_column_inner][\/et_pb_row_inner][\/et_pb_column][et_pb_column type=&raquo;1_2&#8243; _builder_version=&raquo;4.16&#8243; custom_padding=&raquo;|||&raquo; global_colors_info=&raquo;{}&raquo; custom_padding__hover=&raquo;|||&raquo;][et_pb_image src=&raquo;https:\/\/bruskelandsheia.no\/wp-content\/uploads\/2022\/01\/271764345_235707108741111_6640010336777543941_n.png&raquo; title_text=&raquo;271764345_235707108741111_6640010336777543941_n&raquo; _builder_version=&raquo;4.16&#8243; _module_preset=&raquo;default&raquo; transform_scale=&raquo;120%|120%&raquo; animation_style=&raquo;roll&raquo; animation_speed_curve=&raquo;ease-in&raquo; global_colors_info=&raquo;{}&raquo;][\/et_pb_image][\/et_pb_column][\/et_pb_section]<\/p>\n","protected":false},"excerpt":{"rendered":"<p>Bruskelandsheias Bygdelag er opptatt av \u00e5 bruke naturen til aktivitet. Turg\u00e5ing, bading og ski\/aking er fullt mulig p\u00e5 flere plasser i bygdelagets omr\u00e5de. Turl\u00f8yper er lagt og man kan g\u00e5 [&hellip;]<\/p>\n","protected":false},"author":1,"featured_media":0,"parent":0,"menu_order":0,"comment_status":"closed","ping_status":"open","template":"","meta":{"_et_pb_use_builder":"on","_et_pb_old_content":"<!-- wp:paragraph -->\n<p>This is an example page. It's different from a blog post because it will stay in one place and will show up in your site navigation (in most themes). Most people start with an About page that introduces them to potential site visitors. It might say something like this:<\/p>\n<!-- \/wp:paragraph -->\n\n<!-- wp:quote -->\n<blockquote class=\"wp-block-quote\"><p>Hi there! I'm a bike messenger by day, aspiring actor by night, and this is my website. I live in Los Angeles, have a great dog named Jack, and I like pi&#241;a coladas. (And gettin' caught in the rain.)<\/p><\/blockquote>\n<!-- \/wp:quote -->\n\n<!-- wp:paragraph -->\n<p>...or something like this:<\/p>\n<!-- \/wp:paragraph -->\n\n<!-- wp:quote -->\n<blockquote class=\"wp-block-quote\"><p>The XYZ Doohickey Company was founded in 1971, and has been providing quality doohickeys to the public ever since. Located in Gotham City, XYZ employs over 2,000 people and does all kinds of awesome things for the Gotham community.<\/p><\/blockquote>\n<!-- \/wp:quote -->\n\n<!-- wp:paragraph -->\n<p>As a new WordPress user, you should go to <a href=\"http:\/\/bruskelandsheia.no\/wp-admin\/\">your dashboard<\/a> to delete this page and create new pages for your content. Have fun!<\/p>\n<!-- \/wp:paragraph -->","_et_gb_content_width":"","footnotes":""},"class_list":["post-2","page","type-page","status-publish","hentry"],"_links":{"self":[{"href":"https:\/\/bruskelandsheia.no\/index.php?rest_route=\/wp\/v2\/pages\/2","targetHints":{"allow":["GET"]}}],"collection":[{"href":"https:\/\/bruskelandsheia.no\/index.php?rest_route=\/wp\/v2\/pages"}],"about":[{"href":"https:\/\/bruskelandsheia.no\/index.php?rest_route=\/wp\/v2\/types\/page"}],"author":[{"embeddable":true,"href":"https:\/\/bruskelandsheia.no\/index.php?rest_route=\/wp\/v2\/users\/1"}],"replies":[{"embeddable":true,"href":"https:\/\/bruskelandsheia.no\/index.php?rest_route=%2Fwp%2Fv2%2Fcomments&post=2"}],"version-history":[{"count":33,"href":"https:\/\/bruskelandsheia.no\/index.php?rest_route=\/wp\/v2\/pages\/2\/revisions"}],"predecessor-version":[{"id":1326,"href":"https:\/\/bruskelandsheia.no\/index.php?rest_route=\/wp\/v2\/pages\/2\/revisions\/1326"}],"wp:attachment":[{"href":"https:\/\/bruskelandsheia.no\/index.php?rest_route=%2Fwp%2Fv2%2Fmedia&parent=2"}],"curies":[{"name":"wp","href":"https:\/\/api.w.org\/{rel}","templated":true}]}}