{"id":138,"date":"2022-01-11T10:03:28","date_gmt":"2022-01-11T10:03:28","guid":{"rendered":"https:\/\/bruskelandsheia.no\/?page_id=138"},"modified":"2024-08-20T18:28:40","modified_gmt":"2024-08-20T18:28:40","slug":"medlemsfordeler","status":"publish","type":"page","link":"https:\/\/bruskelandsheia.no\/?page_id=138","title":{"rendered":"Medlemsskap og fordeler"},"content":{"rendered":"<p>[et_pb_section fb_built=&raquo;1&#8243; _builder_version=&raquo;4.16&#8243; _module_preset=&raquo;default&raquo; global_colors_info=&raquo;{}&raquo;][et_pb_row _builder_version=&raquo;4.16&#8243; _module_preset=&raquo;default&raquo; global_colors_info=&raquo;{}&raquo;][et_pb_column type=&raquo;4_4&#8243; _builder_version=&raquo;4.16&#8243; _module_preset=&raquo;default&raquo; global_colors_info=&raquo;{}&raquo;][et_pb_post_title meta=&raquo;off&raquo; _builder_version=&raquo;4.16&#8243; _module_preset=&raquo;default&raquo; global_colors_info=&raquo;{}&raquo;][\/et_pb_post_title][\/et_pb_column][\/et_pb_row][et_pb_row column_structure=&raquo;1_2,1_2&#8243; _builder_version=&raquo;4.16&#8243; _module_preset=&raquo;default&raquo; global_colors_info=&raquo;{}&raquo;][et_pb_column type=&raquo;1_2&#8243; _builder_version=&raquo;4.16&#8243; _module_preset=&raquo;default&raquo; global_colors_info=&raquo;{}&raquo;][et_pb_text _builder_version=&raquo;4.16&#8243; _module_preset=&raquo;default&raquo; global_colors_info=&raquo;{}&raquo;]<\/p>\n<p>Kriterier for medlemskap st\u00e5r i vedtektene under \u00a7 4.<\/p>\n<p>Som medlem av Bruskelandsheia Bygdelag har du en rekke medlemsfordeler og st\u00e5r oppf\u00f8rt under \u00a7 6.<\/p>\n<p>Alle medlemmer har rett til \u00e5 delta p\u00e5 \u00e5rsm\u00f8te, har stemmerett og er valgbare til tillitsverv i bygdelag.<\/p>\n<p>&nbsp;<\/p>\n<p>&nbsp;<\/p>\n<p>[\/et_pb_text][\/et_pb_column][et_pb_column type=&raquo;1_2&#8243; _builder_version=&raquo;4.16&#8243; _module_preset=&raquo;default&raquo; box_shadow_style=&raquo;preset2&#8243; global_colors_info=&raquo;{}&raquo;][et_pb_text _builder_version=&raquo;4.21.0&#8243; _module_preset=&raquo;default&raquo; text_font=&raquo;Architects Daughter||||||||&raquo; hover_enabled=&raquo;0&#8243; global_colors_info=&raquo;{}&raquo; sticky_enabled=&raquo;0&#8243;]<\/p>\n<p>Medlemmer av bygdelaget kan leie kjelleren gratis og utleien blir registrert i Stovakalenderen. Kjelleren passer fint for barnebursdag, spillkveld, treff, filmaften etc.\u00a0<\/p>\n<p>[\/et_pb_text][\/et_pb_column][\/et_pb_row][\/et_pb_section]<\/p>\n","protected":false},"excerpt":{"rendered":"<p>Kriterier for medlemskap st\u00e5r i vedtektene under \u00a7 4. Som medlem av Bruskelandsheia Bygdelag har du en rekke medlemsfordeler og st\u00e5r oppf\u00f8rt under \u00a7 6. Alle medlemmer har rett til [&hellip;]<\/p>\n","protected":false},"author":1,"featured_media":0,"parent":0,"menu_order":0,"comment_status":"closed","ping_status":"closed","template":"","meta":{"_et_pb_use_builder":"on","_et_pb_old_content":"","_et_gb_content_width":"","footnotes":""},"class_list":["post-138","page","type-page","status-publish","hentry"],"_links":{"self":[{"href":"https:\/\/bruskelandsheia.no\/index.php?rest_route=\/wp\/v2\/pages\/138","targetHints":{"allow":["GET"]}}],"collection":[{"href":"https:\/\/bruskelandsheia.no\/index.php?rest_route=\/wp\/v2\/pages"}],"about":[{"href":"https:\/\/bruskelandsheia.no\/index.php?rest_route=\/wp\/v2\/types\/page"}],"author":[{"embeddable":true,"href":"https:\/\/bruskelandsheia.no\/index.php?rest_route=\/wp\/v2\/users\/1"}],"replies":[{"embeddable":true,"href":"https:\/\/bruskelandsheia.no\/index.php?rest_route=%2Fwp%2Fv2%2Fcomments&post=138"}],"version-history":[{"count":11,"href":"https:\/\/bruskelandsheia.no\/index.php?rest_route=\/wp\/v2\/pages\/138\/revisions"}],"predecessor-version":[{"id":1266,"href":"https:\/\/bruskelandsheia.no\/index.php?rest_route=\/wp\/v2\/pages\/138\/revisions\/1266"}],"wp:attachment":[{"href":"https:\/\/bruskelandsheia.no\/index.php?rest_route=%2Fwp%2Fv2%2Fmedia&parent=138"}],"curies":[{"name":"wp","href":"https:\/\/api.w.org\/{rel}","templated":true}]}}