{"id":134,"date":"2022-01-11T10:01:13","date_gmt":"2022-01-11T10:01:13","guid":{"rendered":"https:\/\/bruskelandsheia.no\/?page_id=134"},"modified":"2023-05-31T16:00:06","modified_gmt":"2023-05-31T16:00:06","slug":"dugnad","status":"publish","type":"page","link":"https:\/\/bruskelandsheia.no\/?page_id=134","title":{"rendered":"Dugnad"},"content":{"rendered":"<p>[et_pb_section fb_built=&raquo;1&#8243; _builder_version=&raquo;4.16&#8243; _module_preset=&raquo;default&raquo; global_colors_info=&raquo;{}&raquo;][et_pb_row _builder_version=&raquo;4.16&#8243; _module_preset=&raquo;default&raquo; custom_padding=&raquo;55px|||||&raquo; global_colors_info=&raquo;{}&raquo;][et_pb_column type=&raquo;4_4&#8243; _builder_version=&raquo;4.16&#8243; _module_preset=&raquo;default&raquo; global_colors_info=&raquo;{}&raquo;][et_pb_gallery gallery_ids=&raquo;531,532,529,878&#8243; show_title_and_caption=&raquo;off&raquo; _builder_version=&raquo;4.20.4&#8243; _module_preset=&raquo;default&raquo; hover_enabled=&raquo;0&#8243; global_colors_info=&raquo;{}&raquo; sticky_enabled=&raquo;0&#8243;][\/et_pb_gallery][et_pb_text _builder_version=&raquo;4.16&#8243; _module_preset=&raquo;default&raquo; custom_padding=&raquo;0px|||||&raquo; global_colors_info=&raquo;{}&raquo;]<\/p>\n<p style=\"text-align: left;\">En viktig del av bygda er dugnad. Vi \u00f8nsker \u00e5 v\u00e6re for fellesskapet, utrette noe sammen, kjenne p\u00e5 tilh\u00f8righeten og se at n\u00e6rmilj\u00f8et gror. For \u00e5 f\u00e5 dette til er det viktig for bygdefolket \u00e5 vite n\u00e5r dugnaden skal skje og hva som eventuelt skal gj\u00f8res.\u00a0 Styret vil legge ut dugnadsdager\/dato i Nyheter og kalenderen og ellers er jungeltelegrafen fortsatt i livet og kan brukes flittig.<\/p>\n<p>&nbsp;<\/p>\n<p>[\/et_pb_text][\/et_pb_column][\/et_pb_row][et_pb_row _builder_version=&raquo;4.17.4&#8243; _module_preset=&raquo;default&raquo; max_width=&raquo;522px&raquo; module_alignment=&raquo;center&raquo; max_height=&raquo;532px&raquo; global_colors_info=&raquo;{}&raquo;][et_pb_column type=&raquo;4_4&#8243; _builder_version=&raquo;4.17.4&#8243; _module_preset=&raquo;default&raquo; global_colors_info=&raquo;{}&raquo;][et_pb_gallery gallery_ids=&raquo;881,216,887,886,885,884,883,882,876,877,878,879,880,532,531,530,529&#8243; fullwidth=&raquo;on&raquo; _builder_version=&raquo;4.20.4&#8243; _module_preset=&raquo;default&raquo; max_height=&raquo;496px&raquo; global_colors_info=&raquo;{}&raquo;][\/et_pb_gallery][\/et_pb_column][\/et_pb_row][\/et_pb_section]<\/p>\n","protected":false},"excerpt":{"rendered":"<p>En viktig del av bygda er dugnad. Vi \u00f8nsker \u00e5 v\u00e6re for fellesskapet, utrette noe sammen, kjenne p\u00e5 tilh\u00f8righeten og se at n\u00e6rmilj\u00f8et gror. For \u00e5 f\u00e5 dette til er [&hellip;]<\/p>\n","protected":false},"author":1,"featured_media":0,"parent":0,"menu_order":0,"comment_status":"closed","ping_status":"closed","template":"","meta":{"_et_pb_use_builder":"on","_et_pb_old_content":"","_et_gb_content_width":"","footnotes":""},"class_list":["post-134","page","type-page","status-publish","hentry"],"_links":{"self":[{"href":"https:\/\/bruskelandsheia.no\/index.php?rest_route=\/wp\/v2\/pages\/134","targetHints":{"allow":["GET"]}}],"collection":[{"href":"https:\/\/bruskelandsheia.no\/index.php?rest_route=\/wp\/v2\/pages"}],"about":[{"href":"https:\/\/bruskelandsheia.no\/index.php?rest_route=\/wp\/v2\/types\/page"}],"author":[{"embeddable":true,"href":"https:\/\/bruskelandsheia.no\/index.php?rest_route=\/wp\/v2\/users\/1"}],"replies":[{"embeddable":true,"href":"https:\/\/bruskelandsheia.no\/index.php?rest_route=%2Fwp%2Fv2%2Fcomments&post=134"}],"version-history":[{"count":30,"href":"https:\/\/bruskelandsheia.no\/index.php?rest_route=\/wp\/v2\/pages\/134\/revisions"}],"predecessor-version":[{"id":894,"href":"https:\/\/bruskelandsheia.no\/index.php?rest_route=\/wp\/v2\/pages\/134\/revisions\/894"}],"wp:attachment":[{"href":"https:\/\/bruskelandsheia.no\/index.php?rest_route=%2Fwp%2Fv2%2Fmedia&parent=134"}],"curies":[{"name":"wp","href":"https:\/\/api.w.org\/{rel}","templated":true}]}}